{"id":104,"date":"2025-12-03T10:37:17","date_gmt":"2025-12-03T09:37:17","guid":{"rendered":"https:\/\/noticiassash.medscapegrupo.com\/?page_id=104"},"modified":"2025-12-11T09:48:25","modified_gmt":"2025-12-11T08:48:25","slug":"videos","status":"publish","type":"page","link":"https:\/\/noticiassash.medscapegrupo.com\/index.php\/videos\/","title":{"rendered":"V\u00eddeos"},"content":{"rendered":"\t\t<div data-elementor-type=\"wp-page\" data-elementor-id=\"104\" class=\"elementor elementor-104\" data-elementor-post-type=\"page\">\n\t\t\t\t<div class=\"elementor-element elementor-element-f984aa2 e-con-full e-flex e-con e-parent\" data-id=\"f984aa2\" data-element_type=\"container\">\n\t\t<div class=\"elementor-element elementor-element-b2b11c3 e-con-full e-flex e-con e-child\" data-id=\"b2b11c3\" data-element_type=\"container\">\n\t\t\t\t<div class=\"elementor-element elementor-element-527c351 elementor-widget elementor-widget-heading\" data-id=\"527c351\" data-element_type=\"widget\" data-widget_type=\"heading.default\">\n\t\t\t\t\t<h2 class=\"elementor-heading-title elementor-size-default\">V\u00eddeos Highlights<\/h2>\t\t\t\t<\/div>\n\t\t\t\t<div class=\"elementor-element elementor-element-33977c7 elementor-widget elementor-widget-text-editor\" data-id=\"33977c7\" data-element_type=\"widget\" data-widget_type=\"text-editor.default\">\n\t\t\t\t\t\t\t\t\t<p>Confira an\u00e1lises de especialistas em tempo real, com destaque para <br \/>os principais estudos e suas implica\u00e7\u00f5es na pr\u00e1tica di\u00e1ria.<\/p>\t\t\t\t\t\t\t\t<\/div>\n\t\t<div class=\"elementor-element elementor-element-4ba0966 e-con-full e-grid e-con e-child\" data-id=\"4ba0966\" data-element_type=\"container\">\n\t\t<div class=\"elementor-element elementor-element-99c6e9a e-con-full e-flex e-con e-child\" data-id=\"99c6e9a\" data-element_type=\"container\">\n\t\t\t\t<div class=\"elementor-element elementor-element-4469585 elementor-widget elementor-widget-image\" data-id=\"4469585\" data-element_type=\"widget\" data-widget_type=\"image.default\">\n\t\t\t\t\t\t\t\t\t\t\t\t\t\t\t<img fetchpriority=\"high\" decoding=\"async\" width=\"796\" height=\"1024\" src=\"https:\/\/noticiassash.medscapegrupo.com\/wp-content\/uploads\/2025\/12\/shutterstock_2546660925-796x1024.jpg\" class=\"attachment-large size-large wp-image-259\" alt=\"\" srcset=\"https:\/\/noticiassash.medscapegrupo.com\/wp-content\/uploads\/2025\/12\/shutterstock_2546660925-796x1024.jpg 796w, https:\/\/noticiassash.medscapegrupo.com\/wp-content\/uploads\/2025\/12\/shutterstock_2546660925-233x300.jpg 233w, https:\/\/noticiassash.medscapegrupo.com\/wp-content\/uploads\/2025\/12\/shutterstock_2546660925-768x987.jpg 768w, https:\/\/noticiassash.medscapegrupo.com\/wp-content\/uploads\/2025\/12\/shutterstock_2546660925-1195x1536.jpg 1195w, https:\/\/noticiassash.medscapegrupo.com\/wp-content\/uploads\/2025\/12\/shutterstock_2546660925-1593x2048.jpg 1593w, https:\/\/noticiassash.medscapegrupo.com\/wp-content\/uploads\/2025\/12\/shutterstock_2546660925-scaled.jpg 1991w\" sizes=\"(max-width: 796px) 100vw, 796px\" \/>\t\t\t\t\t\t\t\t\t\t\t\t\t\t\t<\/div>\n\t\t\t\t<div class=\"elementor-element elementor-element-cd0c6d3 elementor-widget elementor-widget-heading\" data-id=\"cd0c6d3\" data-element_type=\"widget\" data-widget_type=\"heading.default\">\n\t\t\t\t\t<h2 class=\"elementor-heading-title elementor-size-default\">Video 1<\/h2>\t\t\t\t<\/div>\n\t\t\t\t<div class=\"elementor-element elementor-element-8d9289e elementor-widget elementor-widget-text-editor\" data-id=\"8d9289e\" data-element_type=\"widget\" data-widget_type=\"text-editor.default\">\n\t\t\t\t\t\t\t\t\t<p>Fique por dentro dos resultados mais relevantes dos estudos em Mielofibrose apresentados no ASH 2025, com coment\u00e1rios e interpreta\u00e7\u00f5es dos especialistas Dr. Wilson J\u00fanior e Dr. Pedro Arruda<\/p>\t\t\t\t\t\t\t\t<\/div>\n\t\t\t\t<div class=\"elementor-element elementor-element-69d9e9c elementor-widget elementor-widget-button\" data-id=\"69d9e9c\" data-element_type=\"widget\" data-widget_type=\"button.default\">\n\t\t\t\t\t\t\t\t\t\t<a class=\"elementor-button elementor-button-link elementor-size-sm\" href=\"https:\/\/noticiassash.medscapegrupo.com\/index.php\/video-1\/\">\n\t\t\t\t\t\t<span class=\"elementor-button-content-wrapper\">\n\t\t\t\t\t\t<span class=\"elementor-button-icon\">\n\t\t\t\t<svg aria-hidden=\"true\" class=\"e-font-icon-svg e-fas-external-link-alt\" viewBox=\"0 0 512 512\" xmlns=\"http:\/\/www.w3.org\/2000\/svg\"><path d=\"M432,320H400a16,16,0,0,0-16,16V448H64V128H208a16,16,0,0,0,16-16V80a16,16,0,0,0-16-16H48A48,48,0,0,0,0,112V464a48,48,0,0,0,48,48H400a48,48,0,0,0,48-48V336A16,16,0,0,0,432,320ZM488,0h-128c-21.37,0-32.05,25.91-17,41l35.73,35.73L135,320.37a24,24,0,0,0,0,34L157.67,377a24,24,0,0,0,34,0L435.28,133.32,471,169c15,15,41,4.5,41-17V24A24,24,0,0,0,488,0Z\"><\/path><\/svg>\t\t\t<\/span>\n\t\t\t\t\t\t\t\t\t<span class=\"elementor-button-text\">ASSITA AGORA<\/span>\n\t\t\t\t\t<\/span>\n\t\t\t\t\t<\/a>\n\t\t\t\t\t\t\t\t<\/div>\n\t\t\t\t<\/div>\n\t\t<div class=\"elementor-element elementor-element-051e480 e-con-full e-flex e-con e-child\" data-id=\"051e480\" data-element_type=\"container\">\n\t\t\t\t<div class=\"elementor-element elementor-element-991bb49 elementor-widget elementor-widget-image\" data-id=\"991bb49\" data-element_type=\"widget\" data-widget_type=\"image.default\">\n\t\t\t\t\t\t\t\t\t\t\t\t\t\t\t<img decoding=\"async\" width=\"800\" height=\"480\" src=\"https:\/\/noticiassash.medscapegrupo.com\/wp-content\/uploads\/2025\/12\/shutterstock_2374335467-1024x614.jpg\" class=\"attachment-large size-large wp-image-258\" alt=\"\" srcset=\"https:\/\/noticiassash.medscapegrupo.com\/wp-content\/uploads\/2025\/12\/shutterstock_2374335467-1024x614.jpg 1024w, https:\/\/noticiassash.medscapegrupo.com\/wp-content\/uploads\/2025\/12\/shutterstock_2374335467-300x180.jpg 300w, https:\/\/noticiassash.medscapegrupo.com\/wp-content\/uploads\/2025\/12\/shutterstock_2374335467-768x461.jpg 768w, https:\/\/noticiassash.medscapegrupo.com\/wp-content\/uploads\/2025\/12\/shutterstock_2374335467-1536x922.jpg 1536w, https:\/\/noticiassash.medscapegrupo.com\/wp-content\/uploads\/2025\/12\/shutterstock_2374335467-2048x1229.jpg 2048w\" sizes=\"(max-width: 800px) 100vw, 800px\" \/>\t\t\t\t\t\t\t\t\t\t\t\t\t\t\t<\/div>\n\t\t\t\t<div class=\"elementor-element elementor-element-9c6c736 elementor-widget elementor-widget-heading\" data-id=\"9c6c736\" data-element_type=\"widget\" data-widget_type=\"heading.default\">\n\t\t\t\t\t<h2 class=\"elementor-heading-title elementor-size-default\">Video 2<\/h2>\t\t\t\t<\/div>\n\t\t\t\t<div class=\"elementor-element elementor-element-326e4f8 elementor-widget elementor-widget-text-editor\" data-id=\"326e4f8\" data-element_type=\"widget\" data-widget_type=\"text-editor.default\">\n\t\t\t\t\t\t\t\t\t<p>Veja os principais resultados dos estudos em Mieloma M\u00faltiplo apresentados no ASH 2025, com an\u00e1lises da Dra. Vania Hungria e do Dr. Edvan Crusoe.<\/p>\t\t\t\t\t\t\t\t<\/div>\n\t\t\t\t<div class=\"elementor-element elementor-element-eea979d elementor-widget elementor-widget-button\" data-id=\"eea979d\" data-element_type=\"widget\" data-widget_type=\"button.default\">\n\t\t\t\t\t\t\t\t\t\t<a class=\"elementor-button elementor-button-link elementor-size-sm\" href=\"https:\/\/noticiassash.medscapegrupo.com\/index.php\/video-2\/\">\n\t\t\t\t\t\t<span class=\"elementor-button-content-wrapper\">\n\t\t\t\t\t\t<span class=\"elementor-button-icon\">\n\t\t\t\t<svg aria-hidden=\"true\" class=\"e-font-icon-svg e-fas-external-link-alt\" viewBox=\"0 0 512 512\" xmlns=\"http:\/\/www.w3.org\/2000\/svg\"><path d=\"M432,320H400a16,16,0,0,0-16,16V448H64V128H208a16,16,0,0,0,16-16V80a16,16,0,0,0-16-16H48A48,48,0,0,0,0,112V464a48,48,0,0,0,48,48H400a48,48,0,0,0,48-48V336A16,16,0,0,0,432,320ZM488,0h-128c-21.37,0-32.05,25.91-17,41l35.73,35.73L135,320.37a24,24,0,0,0,0,34L157.67,377a24,24,0,0,0,34,0L435.28,133.32,471,169c15,15,41,4.5,41-17V24A24,24,0,0,0,488,0Z\"><\/path><\/svg>\t\t\t<\/span>\n\t\t\t\t\t\t\t\t\t<span class=\"elementor-button-text\">ASSITA AGORA<\/span>\n\t\t\t\t\t<\/span>\n\t\t\t\t\t<\/a>\n\t\t\t\t\t\t\t\t<\/div>\n\t\t\t\t<\/div>\n\t\t<div class=\"elementor-element elementor-element-1f894f4 e-con-full e-flex e-con e-child\" data-id=\"1f894f4\" data-element_type=\"container\">\n\t\t\t\t<div class=\"elementor-element elementor-element-a0eaaeb elementor-widget elementor-widget-image\" data-id=\"a0eaaeb\" data-element_type=\"widget\" data-widget_type=\"image.default\">\n\t\t\t\t\t\t\t\t\t\t\t\t\t\t\t<img decoding=\"async\" width=\"800\" height=\"800\" src=\"https:\/\/noticiassash.medscapegrupo.com\/wp-content\/uploads\/2025\/12\/shutterstock_547350277-1024x1024.jpg\" class=\"attachment-large size-large wp-image-257\" alt=\"\" srcset=\"https:\/\/noticiassash.medscapegrupo.com\/wp-content\/uploads\/2025\/12\/shutterstock_547350277-1024x1024.jpg 1024w, https:\/\/noticiassash.medscapegrupo.com\/wp-content\/uploads\/2025\/12\/shutterstock_547350277-300x300.jpg 300w, https:\/\/noticiassash.medscapegrupo.com\/wp-content\/uploads\/2025\/12\/shutterstock_547350277-150x150.jpg 150w, https:\/\/noticiassash.medscapegrupo.com\/wp-content\/uploads\/2025\/12\/shutterstock_547350277-768x768.jpg 768w, https:\/\/noticiassash.medscapegrupo.com\/wp-content\/uploads\/2025\/12\/shutterstock_547350277-1536x1536.jpg 1536w, https:\/\/noticiassash.medscapegrupo.com\/wp-content\/uploads\/2025\/12\/shutterstock_547350277-2048x2048.jpg 2048w\" sizes=\"(max-width: 800px) 100vw, 800px\" \/>\t\t\t\t\t\t\t\t\t\t\t\t\t\t\t<\/div>\n\t\t\t\t<div class=\"elementor-element elementor-element-21e727a elementor-widget elementor-widget-heading\" data-id=\"21e727a\" data-element_type=\"widget\" data-widget_type=\"heading.default\">\n\t\t\t\t\t<h2 class=\"elementor-heading-title elementor-size-default\">Video 3<\/h2>\t\t\t\t<\/div>\n\t\t\t\t<div class=\"elementor-element elementor-element-68d1232 elementor-widget elementor-widget-text-editor\" data-id=\"68d1232\" data-element_type=\"widget\" data-widget_type=\"text-editor.default\">\n\t\t\t\t\t\t\t\t\t<p>Acompanhe os destaques dos estudos em Mieloma M\u00faltiplo apresentados durante o ASH 2025, com coment\u00e1rios dos especialistas Dr. Marcelo Capra e Dr. Fernando Pericole.<\/p>\t\t\t\t\t\t\t\t<\/div>\n\t\t\t\t<div class=\"elementor-element elementor-element-dabde2d elementor-widget elementor-widget-button\" data-id=\"dabde2d\" data-element_type=\"widget\" data-widget_type=\"button.default\">\n\t\t\t\t\t\t\t\t\t\t<a class=\"elementor-button elementor-button-link elementor-size-sm\" href=\"https:\/\/noticiassash.medscapegrupo.com\/index.php\/video-3\/\">\n\t\t\t\t\t\t<span class=\"elementor-button-content-wrapper\">\n\t\t\t\t\t\t<span class=\"elementor-button-icon\">\n\t\t\t\t<svg aria-hidden=\"true\" class=\"e-font-icon-svg e-fas-external-link-alt\" viewBox=\"0 0 512 512\" xmlns=\"http:\/\/www.w3.org\/2000\/svg\"><path d=\"M432,320H400a16,16,0,0,0-16,16V448H64V128H208a16,16,0,0,0,16-16V80a16,16,0,0,0-16-16H48A48,48,0,0,0,0,112V464a48,48,0,0,0,48,48H400a48,48,0,0,0,48-48V336A16,16,0,0,0,432,320ZM488,0h-128c-21.37,0-32.05,25.91-17,41l35.73,35.73L135,320.37a24,24,0,0,0,0,34L157.67,377a24,24,0,0,0,34,0L435.28,133.32,471,169c15,15,41,4.5,41-17V24A24,24,0,0,0,488,0Z\"><\/path><\/svg>\t\t\t<\/span>\n\t\t\t\t\t\t\t\t\t<span class=\"elementor-button-text\">ASSITA AGORA<\/span>\n\t\t\t\t\t<\/span>\n\t\t\t\t\t<\/a>\n\t\t\t\t\t\t\t\t<\/div>\n\t\t\t\t<\/div>\n\t\t\t\t<\/div>\n\t\t\t\t<\/div>\n\t\t\t\t<\/div>\n\t\t\t\t<\/div>\n\t\t","protected":false},"excerpt":{"rendered":"<p>V\u00eddeos Highlights Confira an\u00e1lises de especialistas em tempo real, com destaque para os principais estudos e suas implica\u00e7\u00f5es na pr\u00e1tica di\u00e1ria. Video 1 Fique por dentro dos resultados mais relevantes dos estudos em Mielofibrose apresentados no ASH 2025, com coment\u00e1rios e interpreta\u00e7\u00f5es dos especialistas Dr. Wilson J\u00fanior e Dr. Pedro Arruda ASSITA AGORA Video 2 [&hellip;]<\/p>\n","protected":false},"author":1,"featured_media":0,"parent":0,"menu_order":0,"comment_status":"closed","ping_status":"closed","template":"elementor_header_footer","meta":{"footnotes":""},"class_list":["post-104","page","type-page","status-publish","hentry"],"_links":{"self":[{"href":"https:\/\/noticiassash.medscapegrupo.com\/index.php\/wp-json\/wp\/v2\/pages\/104","targetHints":{"allow":["GET"]}}],"collection":[{"href":"https:\/\/noticiassash.medscapegrupo.com\/index.php\/wp-json\/wp\/v2\/pages"}],"about":[{"href":"https:\/\/noticiassash.medscapegrupo.com\/index.php\/wp-json\/wp\/v2\/types\/page"}],"author":[{"embeddable":true,"href":"https:\/\/noticiassash.medscapegrupo.com\/index.php\/wp-json\/wp\/v2\/users\/1"}],"replies":[{"embeddable":true,"href":"https:\/\/noticiassash.medscapegrupo.com\/index.php\/wp-json\/wp\/v2\/comments?post=104"}],"version-history":[{"count":28,"href":"https:\/\/noticiassash.medscapegrupo.com\/index.php\/wp-json\/wp\/v2\/pages\/104\/revisions"}],"predecessor-version":[{"id":319,"href":"https:\/\/noticiassash.medscapegrupo.com\/index.php\/wp-json\/wp\/v2\/pages\/104\/revisions\/319"}],"wp:attachment":[{"href":"https:\/\/noticiassash.medscapegrupo.com\/index.php\/wp-json\/wp\/v2\/media?parent=104"}],"curies":[{"name":"wp","href":"https:\/\/api.w.org\/{rel}","templated":true}]}}