{"id":206,"date":"2025-12-07T23:32:42","date_gmt":"2025-12-07T22:32:42","guid":{"rendered":"https:\/\/noticiassash.medscapegrupo.com\/?page_id=206"},"modified":"2025-12-11T20:55:30","modified_gmt":"2025-12-11T19:55:30","slug":"articulo-3","status":"publish","type":"page","link":"https:\/\/noticiassash.medscapegrupo.com\/index.php\/articulo-3\/","title":{"rendered":"Art\u00edculo 3"},"content":{"rendered":"\t\t<div data-elementor-type=\"wp-page\" data-elementor-id=\"206\" class=\"elementor elementor-206\" data-elementor-post-type=\"page\">\n\t\t\t\t<div class=\"elementor-element elementor-element-f984aa2 e-con-full e-flex e-con e-parent\" data-id=\"f984aa2\" data-element_type=\"container\">\n\t\t<div class=\"elementor-element elementor-element-b2b11c3 e-con-full e-flex e-con e-child\" data-id=\"b2b11c3\" data-element_type=\"container\">\n\t\t\t\t<div class=\"elementor-element elementor-element-527c351 elementor-widget elementor-widget-heading\" data-id=\"527c351\" data-element_type=\"widget\" data-widget_type=\"heading.default\">\n\t\t\t\t\t<h2 class=\"elementor-heading-title elementor-size-default\">Principais avan\u00e7os em hematologia: insights em Onco-Hemato para a tomada de decis\u00e3o cl\u00ednica.<\/h2>\t\t\t\t<\/div>\n\t\t\t\t<div class=\"elementor-element elementor-element-e026ce3 elementor-widget elementor-widget-image\" data-id=\"e026ce3\" data-element_type=\"widget\" data-widget_type=\"image.default\">\n\t\t\t\t\t\t\t\t\t\t\t\t\t\t\t<img fetchpriority=\"high\" decoding=\"async\" width=\"800\" height=\"500\" src=\"https:\/\/noticiassash.medscapegrupo.com\/wp-content\/uploads\/2025\/12\/articulo-dia3-1-1024x640.jpg\" class=\"attachment-large size-large wp-image-185\" alt=\"\" srcset=\"https:\/\/noticiassash.medscapegrupo.com\/wp-content\/uploads\/2025\/12\/articulo-dia3-1-1024x640.jpg 1024w, https:\/\/noticiassash.medscapegrupo.com\/wp-content\/uploads\/2025\/12\/articulo-dia3-1-300x188.jpg 300w, https:\/\/noticiassash.medscapegrupo.com\/wp-content\/uploads\/2025\/12\/articulo-dia3-1-768x480.jpg 768w, https:\/\/noticiassash.medscapegrupo.com\/wp-content\/uploads\/2025\/12\/articulo-dia3-1-1536x960.jpg 1536w, https:\/\/noticiassash.medscapegrupo.com\/wp-content\/uploads\/2025\/12\/articulo-dia3-1-2048x1280.jpg 2048w\" sizes=\"(max-width: 800px) 100vw, 800px\" \/>\t\t\t\t\t\t\t\t\t\t\t\t\t\t\t<\/div>\n\t\t\t\t<div class=\"elementor-element elementor-element-6134a05 elementor-widget elementor-widget-text-editor\" data-id=\"6134a05\" data-element_type=\"widget\" data-widget_type=\"text-editor.default\">\n\t\t\t\t\t\t\t\t\t<p>XX de novembro de 2025<\/p>\t\t\t\t\t\t\t\t<\/div>\n\t\t<div class=\"elementor-element elementor-element-2b53c9b e-con-full e-flex e-con e-child\" data-id=\"2b53c9b\" data-element_type=\"container\">\n\t\t\t\t<div class=\"elementor-element elementor-element-b318eb7 elementor-view-default elementor-widget elementor-widget-icon\" data-id=\"b318eb7\" data-element_type=\"widget\" data-widget_type=\"icon.default\">\n\t\t\t\t\t\t\t<div class=\"elementor-icon-wrapper\">\n\t\t\t<div class=\"elementor-icon\">\n\t\t\t<svg aria-hidden=\"true\" class=\"e-font-icon-svg e-far-thumbs-up\" viewBox=\"0 0 512 512\" xmlns=\"http:\/\/www.w3.org\/2000\/svg\"><path d=\"M466.27 286.69C475.04 271.84 480 256 480 236.85c0-44.015-37.218-85.58-85.82-85.58H357.7c4.92-12.81 8.85-28.13 8.85-46.54C366.55 31.936 328.86 0 271.28 0c-61.607 0-58.093 94.933-71.76 108.6-22.747 22.747-49.615 66.447-68.76 83.4H32c-17.673 0-32 14.327-32 32v240c0 17.673 14.327 32 32 32h64c14.893 0 27.408-10.174 30.978-23.95 44.509 1.001 75.06 39.94 177.802 39.94 7.22 0 15.22.01 22.22.01 77.117 0 111.986-39.423 112.94-95.33 13.319-18.425 20.299-43.122 17.34-66.99 9.854-18.452 13.664-40.343 8.99-62.99zm-61.75 53.83c12.56 21.13 1.26 49.41-13.94 57.57 7.7 48.78-17.608 65.9-53.12 65.9h-37.82c-71.639 0-118.029-37.82-171.64-37.82V240h10.92c28.36 0 67.98-70.89 94.54-97.46 28.36-28.36 18.91-75.63 37.82-94.54 47.27 0 47.27 32.98 47.27 56.73 0 39.17-28.36 56.72-28.36 94.54h103.99c21.11 0 37.73 18.91 37.82 37.82.09 18.9-12.82 37.81-22.27 37.81 13.489 14.555 16.371 45.236-5.21 65.62zM88 432c0 13.255-10.745 24-24 24s-24-10.745-24-24 10.745-24 24-24 24 10.745 24 24z\"><\/path><\/svg>\t\t\t<\/div>\n\t\t<\/div>\n\t\t\t\t\t\t<\/div>\n\t\t\t\t<div class=\"elementor-element elementor-element-d533f6b elementor-view-default elementor-widget elementor-widget-icon\" data-id=\"d533f6b\" data-element_type=\"widget\" data-widget_type=\"icon.default\">\n\t\t\t\t\t\t\t<div class=\"elementor-icon-wrapper\">\n\t\t\t<div class=\"elementor-icon\">\n\t\t\t<svg aria-hidden=\"true\" class=\"e-font-icon-svg e-fas-share\" viewBox=\"0 0 512 512\" xmlns=\"http:\/\/www.w3.org\/2000\/svg\"><path d=\"M503.691 189.836L327.687 37.851C312.281 24.546 288 35.347 288 56.015v80.053C127.371 137.907 0 170.1 0 322.326c0 61.441 39.581 122.309 83.333 154.132 13.653 9.931 33.111-2.533 28.077-18.631C66.066 312.814 132.917 274.316 288 272.085V360c0 20.7 24.3 31.453 39.687 18.164l176.004-152c11.071-9.562 11.086-26.753 0-36.328z\"><\/path><\/svg>\t\t\t<\/div>\n\t\t<\/div>\n\t\t\t\t\t\t<\/div>\n\t\t\t\t<div class=\"elementor-element elementor-element-f681426 elementor-view-default elementor-widget elementor-widget-icon\" data-id=\"f681426\" data-element_type=\"widget\" data-widget_type=\"icon.default\">\n\t\t\t\t\t\t\t<div class=\"elementor-icon-wrapper\">\n\t\t\t<div class=\"elementor-icon\">\n\t\t\t<svg aria-hidden=\"true\" class=\"e-font-icon-svg e-fas-print\" viewBox=\"0 0 512 512\" xmlns=\"http:\/\/www.w3.org\/2000\/svg\"><path d=\"M448 192V77.25c0-8.49-3.37-16.62-9.37-22.63L393.37 9.37c-6-6-14.14-9.37-22.63-9.37H96C78.33 0 64 14.33 64 32v160c-35.35 0-64 28.65-64 64v112c0 8.84 7.16 16 16 16h48v96c0 17.67 14.33 32 32 32h320c17.67 0 32-14.33 32-32v-96h48c8.84 0 16-7.16 16-16V256c0-35.35-28.65-64-64-64zm-64 256H128v-96h256v96zm0-224H128V64h192v48c0 8.84 7.16 16 16 16h48v96zm48 72c-13.25 0-24-10.75-24-24 0-13.26 10.75-24 24-24s24 10.74 24 24c0 13.25-10.75 24-24 24z\"><\/path><\/svg>\t\t\t<\/div>\n\t\t<\/div>\n\t\t\t\t\t\t<\/div>\n\t\t\t\t<\/div>\n\t\t\t\t<div class=\"elementor-element elementor-element-e307dc5 elementor-widget elementor-widget-text-editor\" data-id=\"e307dc5\" data-element_type=\"widget\" data-widget_type=\"text-editor.default\">\n\t\t\t\t\t\t\t\t\t<strong>American Society of Hematology Annual Meeting \u2013 Destaques do Terceiro Dia<\/strong><br><br>\n\nEntre 6 e 9 de dezembro de 2025, acontece a 67th ASH Annual Meeting, que reu\u0301ne os principais especialistas da hematologia mundial e apresenta as evide\u0302ncias cienti\u0301ficas mais recentes e relevantes da a\u0301rea. A seguir, reunimos alguns dos principais destaques do terceiro dia do congresso.<br><br>\n\n<strong>Functional high-risk Relapsed\/Refractory multiple myeloma (RRMM) outcomes with belantamab mafodotin (belamaf): Dreamm-7 and dreamm-8 subgroup analysis<\/strong><br><br>\n\nNo terceiro dia do ASH 2025, foi discutido uma ana\u0301lise dos desfechos das combinac\u0327o\u0303es baseadas em belantamabe mafodotina (belamaf) avaliadas nos estudos DREAMM-7 e DREAMM-8 em pacientes com mieloma mu\u0301ltiplo recidivado ou refrata\u0301rio que apresentavam doenc\u0327a funcional de alto risco, definida como progressa\u0303o dentro de 18 meses apo\u0301s a terapia inicial ou apo\u0301s o transplante. Trata-se de um subgrupo clinicamente desafiador, ja\u0301 que cerca de metade dos pacientes com mieloma mu\u0301ltiplo recaem dentro de 12 a 18 meses apo\u0301s o tratamento de primeira linha, destacando a necessidade de opc\u0327o\u0303es terape\u0302uticas mais eficazes.<br><br>\n\nEm ambos os estudos, as caracteri\u0301sticas basais foram bem equilibradas entre os brac\u0327os, assegurando comparabilidade adequada. A durac\u0327a\u0303o mediana de seguimento variou conforme o contexto: 28,2 meses entre os pacientes com apenas uma linha pre\u0301via no DREAMM-7, 39,4 meses no subgrupo de alto risco funcional do mesmo estudo e 21,8 meses no DREAMM-8.<br><br>\n\nNo DREAMM-7, entre pacientes tratados apo\u0301s uma linha pre\u0301via, a SLP mediana foi de 36,6 meses para bela-VD versus 19,1 meses para dara-VD. No subgrupo de alto risco funcional, o benefi\u0301cio foi mantido, com SLP de 28,4 meses para bela-VD contra 13,4 meses para dara-VD. No DREAMM-8, a SLP mediana na\u0303o foi alcanc\u0327ada com bela- PD apo\u0301s uma linha pre\u0301via, enquanto PVd apresentou 18,5 meses; entre os pacientes de alto risco funcional, a SLP novamente na\u0303o foi alcanc\u0327ada com bela-PD, em contraste com 14,8 meses no PVd. Os hazard ratios nos dois estudos favoreceram consistentemente as combinac\u0327o\u0303es com belamaf, independentemente do risco funcional.<br><br>\n\nAs terapias contendo belamaf tambe\u0301m apresentaram taxas de resposta completa (RC) ou melhor substancialmente superiores, cerca de 50% acima das registradas nos regimes comparadores, em todos os subgrupos avaliados. A negatividade de MRD reforc\u0327ou esse padra\u0303o: no DREAMM-7, 71% alcanc\u0327aram MRD negativa com bela-VD versus 60% com dara-VD apo\u0301s uma linha pre\u0301via, e entre pacientes de alto risco funcional, 64% versus 44%. Resultados compara\u0301veis foram observados no DREAMM-8: 71% versus 22% na populac\u0327a\u0303o com uma linha pre\u0301via e 71% versus 29% no alto risco funcional.<br><br>\n\nAle\u0301m disso, a durac\u0327a\u0303o da resposta foi mais prolongada com esquemas contendo belamaf apo\u0301s uma linha pre\u0301via, refletindo maior profundidade e durabilidade das respostas. A ana\u0301lise tambe\u0301m revelou benefi\u0301cio consistente em sobrevida global nos subgrupos de alto risco funcional: no DREAMM-7, 70% dos pacientes tratados com bela- VD estavam vivos no ponto de corte, comparados a 58% com dara-VD; no DREAMM- 8, 79% estavam vivos com bela-PD versus 77% com PVd.<br><br>\n\nO perfil de seguranc\u0327a das combinac\u0327o\u0303es com belamaf permaneceu compati\u0301vel com o observado na populac\u0327a\u0303o geral dos estudos e alinhado ao padra\u0303o de cuidado, sem novos sinais relevantes de toxicidade.<br><br>\n\nConcluindo, o trabalhou destacou que as combinac\u0327o\u0303es com belamaf demonstraram benefi\u0301cios robustos, incluindo SLP prolongada, respostas mais profundas e sustentadas e maiores taxas de MRD negativa, quando comparadas aos regimes padra\u0303o, mesmo entre pacientes com doenc\u0327a funcional de alto risco. A consiste\u0302ncia do perfil de seguranc\u0327a reforc\u0327a a viabilidade do uso de belamaf tanto apo\u0301s uma linha pre\u0301via quanto em pacientes de maior risco biolo\u0301gico e cli\u0301nico.<br><br>\n\n<strong>Survival outcomes in ruxolitinib-treated patients with myelofibrosis following crossover to momelotinib: Application of the response to ruxolitinib at 6 months (RR6) prognostic model to SIMPLIFY-1<\/strong><br><br>\n\nNa sessa\u0303o de po\u0302steres do terceiro dia do ASH 2025, foi apresentado uma ana\u0301lise post-hoc do estudo SIMPLIFY-1 aplicando o escore progno\u0301stico RR6 para avaliar os desfechos de sobrevida em pacientes com mielofibrose que iniciaram tratamento com ruxolitinibe e, apo\u0301s seis meses, migraram para momelotinibe.<br><br>\n\nO modelo RR6 classifica os pacientes em baixo, intermedia\u0301rio ou alto risco com base na resposta ao ruxolitinibe apo\u0301s seis meses de terapia, permitindo identificar precocemente aqueles com maior probabilidade de desfechos desfavora\u0301veis. O SIMPLIFY-1, um estudo de fase III com pacientes naive a inibidores de JAK, randomizou participantes para momelotinibe ou ruxolitinibe durante seis meses, apo\u0301s os quais todos puderam receber momelotinibe em regime aberto.<br><br>\n\nA ana\u0301lise comparou os pacientes inicialmente tratados com ruxolitinibe e que migraram para momelotinibe com a populac\u0327a\u0303o do estudo RUXOREL-MF, utilizando comparac\u0327o\u0303es indiretas na\u0303o ajustadas e ana\u0301lises ajustadas por pareamento (MAIC).<br><br>\n\nNa ana\u0301lise na\u0303o ajustada, os pacientes do SIMPLIFY-1 apresentaram mediana de sobrevida global superior em todas as categorias RR6 quando comparados ao RUXOREL-MF. Os <i>hazard ratios<\/i> dos grupos de risco intermedia\u0301rio e alto foram mais favora\u0301veis no SIMPLIFY-1.<br><br>\n\nApo\u0301s ajuste, os resultados se mantiveram consistentes: a mediana de SG no SIMPLIFY-1 foi de 86,7 meses, comparada a 53,4 meses no RUXOREL-MF. Os maiores benefi\u0301cios foram observados nos grupos de risco intermedia\u0301rio e alto, que representaram cerca de 80% da populac\u0327a\u0303o, reforc\u0327ando que esses pacientes parecem se beneficiar mais claramente da transic\u0327a\u0303o para momelotinibe.<br><br>\n\nEntre os pacientes de baixo risco, a SG foi numericamente superior no RUXOREL-MF, mas o nu\u0301mero reduzido de indivi\u0301duos nessa categoria limita concluso\u0303es firmes. Ale\u0301m disso, esses pacientes tenderam a tolerar melhor o ruxolitinibe, sugerindo que podem na\u0303o ser o perfil ideal para troca precoce de terapia.<br><br>\n\nDe modo geral, os achados indicam que a migrac\u0327a\u0303o para momelotinibe apo\u0301s seis meses de ruxolitinibe pode melhorar desfechos de sobrevida em pacientes com resposta subo\u0301tima classificados como risco intermedia\u0301rio ou alto pelo RR6, enquanto indivi\u0301duos de baixo risco podem permanecer adequadamente manejados com ruxolitinibe.<br><br>\n\nComo conclusa\u0303o, foi recomendando considerar a troca de ruxolitinibe para momelotinibe apo\u0301s seis meses em pacientes RR6 intermedia\u0301rio ou alto, e destacou a necessidade de investigac\u0327a\u0303o adicional sobre os desfechos de sobrevida em pacientes de baixo risco e validac\u0327a\u0303o dos achados em coortes maiores.<br><br>\n\n<strong>Belantamab mafodotin (belamaf) in combination with bortezomib, lenalidomide, and dexamethasone (VRd) for patients (pts) with transplant-ineligible (TI) newly diagnosed multiple myeloma (NDMM): A focus on treatment efficacy and management\/resolution of ocular events in the Phase 1 dreamm-9 study<\/strong><br><br>\n\nNa sessa\u0303o de po\u0302steres, o pesquisador apresentou resultados do estudo de fase 1 DREAMM-9, que avalia belantamabe mafodotina (belamaf) em combinac\u0327a\u0303o com bortezomibe, lenalidomida e dexametasona (BVRd) em pacientes com mieloma mu\u0301ltiplo rece\u0301m-diagnosticado e inelegi\u0301veis ao transplante. O foco desta ana\u0301lise foi integrar efica\u0301cia, seguranc\u0327a e resoluc\u0327a\u0303o dos eventos oculares associados ao tratamento, um aspecto relevante para terapias baseadas em belamaf.<br><br>\n\nBelamaf e\u0301 um anticorpo\u2013fa\u0301rmaco conjugado dirigido ao BCMA. Combinac\u0327o\u0303es contendo o agente ja\u0301 demonstraram benefi\u0301cios de SLP e SG em doenc\u0327a recidivada\/refrata\u0301ria (como em BVD e BeV-Pd), e encontram-se aprovadas em diversos pai\u0301ses. No DREAMM-9, mu\u0301ltiplas doses (1\u20131,9 mg\/kg) e esquemas de administrac\u0327a\u0303o (Q3\/4 semanas \u2014 \u201cshort\u201d; Q6\/8 semanas \u2014 \u201cstretch\u201d; e Q9\/12 semanas) foram testados.<br><br>\n\nAo todo, 108 pacientes foram inclui\u0301dos entre dezembro de 2019 e marc\u0327o de 2024. A ana\u0301lise apresentada concentrou-se em tre\u0302s coortes com respostas mais profundas: 1,9 mg\/kg short, 1,9 mg\/kg stretch e 1,4 mg\/kg stretch. O seguimento mediano variou de 32 a 38 meses.<br><br>\n\nAs taxas de resposta global foram iguais ou superiores a 71% em todas as coortes, chegando a 100% em subgrupos selecionados. A negatividade de MRD entre pacientes com resposta completa foi mais frequente com a dose de 1,9 mg\/kg. Todos os participantes apresentaram algum evento adverso, e o perfil de seguranc\u0327a foi consistente com estudos anteriores. A incide\u0302ncia de achados ofta\u0301lmicos grau \u22652 e de piora bilateral da acuidade visual para 20\/50 ou pior foi semelhante entre as coortes, com baixas taxas de descontinuac\u0327a\u0303o (6%).<br><br>\n\nOs eventos oculares foram manejados com atrasos de dose e extensa\u0303o de intervalos, apresentando reversa\u0303o quando o acompanhamento era adequado. Um esquema stretch de Q6\/8 semanas esteve associado a maior probabilidade de resposta completa ou melhor, enquanto o esquema Q9\/12 semanas reduziu a ocorre\u0302ncia de eventos oculares grau \u22652, mas tambe\u0301m mostrou menor probabilidade de respostas profundas.<br><br>\n\nEm si\u0301ntese, o regime BVRd com belamaf apresentou altas taxas de resposta e MRD negativa, especialmente com a dose de 1,9 mg\/kg. Os eventos adversos, incluindo os oculares, foram maneja\u0301veis e reversi\u0301veis, com baixas taxas de interrupc\u0327a\u0303o permanente. As ana\u0301lises de exposic\u0327a\u0303o\u2013resposta sugerem que doses mais altas podem aprofundar respostas, enquanto esquemas mais espac\u0327ados favorecem a tolerabilidade. Assim, uma estrate\u0301gia iniciando com 1,9 mg\/kg em Q6 semanas seguida de Q8 semanas pode alcanc\u0327ar respostas profundas, permitindo posterior extensa\u0303o de intervalos para manejo de eventos oculares e otimizac\u0327a\u0303o da tolerabilidade.<br><br>\n\nEsses resultados sustentam a selec\u0327a\u0303o da dose e do cronograma de belamaf no tratamento de pacientes rece\u0301m-diagnosticados inelegi\u0301veis ao transplante.\t\t\t\t\t\t\t\t<\/div>\n\t\t\t\t<\/div>\n\t\t\t\t<\/div>\n\t\t\t\t<\/div>\n\t\t","protected":false},"excerpt":{"rendered":"<p>Principais avan\u00e7os em hematologia: insights em Onco-Hemato para a tomada de decis\u00e3o cl\u00ednica. XX de novembro de 2025 American Society of Hematology Annual Meeting \u2013 Destaques do Terceiro Dia Entre 6 e 9 de dezembro de 2025, acontece a 67th ASH Annual Meeting, que reu\u0301ne os principais especialistas da hematologia mundial e apresenta as evide\u0302ncias [&hellip;]<\/p>\n","protected":false},"author":1,"featured_media":0,"parent":0,"menu_order":0,"comment_status":"closed","ping_status":"closed","template":"elementor_header_footer","meta":{"footnotes":""},"class_list":["post-206","page","type-page","status-publish","hentry"],"_links":{"self":[{"href":"https:\/\/noticiassash.medscapegrupo.com\/index.php\/wp-json\/wp\/v2\/pages\/206","targetHints":{"allow":["GET"]}}],"collection":[{"href":"https:\/\/noticiassash.medscapegrupo.com\/index.php\/wp-json\/wp\/v2\/pages"}],"about":[{"href":"https:\/\/noticiassash.medscapegrupo.com\/index.php\/wp-json\/wp\/v2\/types\/page"}],"author":[{"embeddable":true,"href":"https:\/\/noticiassash.medscapegrupo.com\/index.php\/wp-json\/wp\/v2\/users\/1"}],"replies":[{"embeddable":true,"href":"https:\/\/noticiassash.medscapegrupo.com\/index.php\/wp-json\/wp\/v2\/comments?post=206"}],"version-history":[{"count":19,"href":"https:\/\/noticiassash.medscapegrupo.com\/index.php\/wp-json\/wp\/v2\/pages\/206\/revisions"}],"predecessor-version":[{"id":325,"href":"https:\/\/noticiassash.medscapegrupo.com\/index.php\/wp-json\/wp\/v2\/pages\/206\/revisions\/325"}],"wp:attachment":[{"href":"https:\/\/noticiassash.medscapegrupo.com\/index.php\/wp-json\/wp\/v2\/media?parent=206"}],"curies":[{"name":"wp","href":"https:\/\/api.w.org\/{rel}","templated":true}]}}