{"id":211,"date":"2025-12-07T23:34:24","date_gmt":"2025-12-07T22:34:24","guid":{"rendered":"https:\/\/noticiassash.medscapegrupo.com\/?page_id=211"},"modified":"2025-12-17T10:03:22","modified_gmt":"2025-12-17T09:03:22","slug":"articulo-4","status":"publish","type":"page","link":"https:\/\/noticiassash.medscapegrupo.com\/index.php\/articulo-4\/","title":{"rendered":"Art\u00edculo 4"},"content":{"rendered":"\t\t<div data-elementor-type=\"wp-page\" data-elementor-id=\"211\" class=\"elementor elementor-211\" data-elementor-post-type=\"page\">\n\t\t\t\t<div class=\"elementor-element elementor-element-f984aa2 e-con-full e-flex e-con e-parent\" data-id=\"f984aa2\" data-element_type=\"container\">\n\t\t<div class=\"elementor-element elementor-element-b2b11c3 e-con-full e-flex e-con e-child\" data-id=\"b2b11c3\" data-element_type=\"container\">\n\t\t\t\t<div class=\"elementor-element elementor-element-527c351 elementor-widget elementor-widget-heading\" data-id=\"527c351\" data-element_type=\"widget\" data-widget_type=\"heading.default\">\n\t\t\t\t\t<h2 class=\"elementor-heading-title elementor-size-default\">Principais avan\u00e7os em hematologia: insights em Onco-Hemato para a tomada de decis\u00e3o cl\u00ednica.<\/h2>\t\t\t\t<\/div>\n\t\t\t\t<div class=\"elementor-element elementor-element-e026ce3 elementor-widget elementor-widget-image\" data-id=\"e026ce3\" data-element_type=\"widget\" data-widget_type=\"image.default\">\n\t\t\t\t\t\t\t\t\t\t\t\t\t\t\t<img fetchpriority=\"high\" decoding=\"async\" width=\"800\" height=\"355\" src=\"https:\/\/noticiassash.medscapegrupo.com\/wp-content\/uploads\/2025\/12\/articulo-dia4-1-1024x455.jpg\" class=\"attachment-large size-large wp-image-183\" alt=\"\" srcset=\"https:\/\/noticiassash.medscapegrupo.com\/wp-content\/uploads\/2025\/12\/articulo-dia4-1-1024x455.jpg 1024w, https:\/\/noticiassash.medscapegrupo.com\/wp-content\/uploads\/2025\/12\/articulo-dia4-1-300x133.jpg 300w, https:\/\/noticiassash.medscapegrupo.com\/wp-content\/uploads\/2025\/12\/articulo-dia4-1-768x341.jpg 768w, https:\/\/noticiassash.medscapegrupo.com\/wp-content\/uploads\/2025\/12\/articulo-dia4-1-1536x683.jpg 1536w, https:\/\/noticiassash.medscapegrupo.com\/wp-content\/uploads\/2025\/12\/articulo-dia4-1-2048x910.jpg 2048w\" sizes=\"(max-width: 800px) 100vw, 800px\" \/>\t\t\t\t\t\t\t\t\t\t\t\t\t\t\t<\/div>\n\t\t\t\t<div class=\"elementor-element elementor-element-6134a05 elementor-widget elementor-widget-text-editor\" data-id=\"6134a05\" data-element_type=\"widget\" data-widget_type=\"text-editor.default\">\n\t\t\t\t\t\t\t\t\t<p>XX de novembro de 2025<\/p>\t\t\t\t\t\t\t\t<\/div>\n\t\t<div class=\"elementor-element elementor-element-2b53c9b e-con-full e-flex e-con e-child\" data-id=\"2b53c9b\" data-element_type=\"container\">\n\t\t\t\t<div class=\"elementor-element elementor-element-b318eb7 elementor-view-default elementor-widget elementor-widget-icon\" data-id=\"b318eb7\" data-element_type=\"widget\" data-widget_type=\"icon.default\">\n\t\t\t\t\t\t\t<div class=\"elementor-icon-wrapper\">\n\t\t\t<div class=\"elementor-icon\">\n\t\t\t<svg aria-hidden=\"true\" class=\"e-font-icon-svg e-far-thumbs-up\" viewBox=\"0 0 512 512\" xmlns=\"http:\/\/www.w3.org\/2000\/svg\"><path d=\"M466.27 286.69C475.04 271.84 480 256 480 236.85c0-44.015-37.218-85.58-85.82-85.58H357.7c4.92-12.81 8.85-28.13 8.85-46.54C366.55 31.936 328.86 0 271.28 0c-61.607 0-58.093 94.933-71.76 108.6-22.747 22.747-49.615 66.447-68.76 83.4H32c-17.673 0-32 14.327-32 32v240c0 17.673 14.327 32 32 32h64c14.893 0 27.408-10.174 30.978-23.95 44.509 1.001 75.06 39.94 177.802 39.94 7.22 0 15.22.01 22.22.01 77.117 0 111.986-39.423 112.94-95.33 13.319-18.425 20.299-43.122 17.34-66.99 9.854-18.452 13.664-40.343 8.99-62.99zm-61.75 53.83c12.56 21.13 1.26 49.41-13.94 57.57 7.7 48.78-17.608 65.9-53.12 65.9h-37.82c-71.639 0-118.029-37.82-171.64-37.82V240h10.92c28.36 0 67.98-70.89 94.54-97.46 28.36-28.36 18.91-75.63 37.82-94.54 47.27 0 47.27 32.98 47.27 56.73 0 39.17-28.36 56.72-28.36 94.54h103.99c21.11 0 37.73 18.91 37.82 37.82.09 18.9-12.82 37.81-22.27 37.81 13.489 14.555 16.371 45.236-5.21 65.62zM88 432c0 13.255-10.745 24-24 24s-24-10.745-24-24 10.745-24 24-24 24 10.745 24 24z\"><\/path><\/svg>\t\t\t<\/div>\n\t\t<\/div>\n\t\t\t\t\t\t<\/div>\n\t\t\t\t<div class=\"elementor-element elementor-element-d533f6b elementor-view-default elementor-widget elementor-widget-icon\" data-id=\"d533f6b\" data-element_type=\"widget\" data-widget_type=\"icon.default\">\n\t\t\t\t\t\t\t<div class=\"elementor-icon-wrapper\">\n\t\t\t<div class=\"elementor-icon\">\n\t\t\t<svg aria-hidden=\"true\" class=\"e-font-icon-svg e-fas-share\" viewBox=\"0 0 512 512\" xmlns=\"http:\/\/www.w3.org\/2000\/svg\"><path d=\"M503.691 189.836L327.687 37.851C312.281 24.546 288 35.347 288 56.015v80.053C127.371 137.907 0 170.1 0 322.326c0 61.441 39.581 122.309 83.333 154.132 13.653 9.931 33.111-2.533 28.077-18.631C66.066 312.814 132.917 274.316 288 272.085V360c0 20.7 24.3 31.453 39.687 18.164l176.004-152c11.071-9.562 11.086-26.753 0-36.328z\"><\/path><\/svg>\t\t\t<\/div>\n\t\t<\/div>\n\t\t\t\t\t\t<\/div>\n\t\t\t\t<div class=\"elementor-element elementor-element-f681426 elementor-view-default elementor-widget elementor-widget-icon\" data-id=\"f681426\" data-element_type=\"widget\" data-widget_type=\"icon.default\">\n\t\t\t\t\t\t\t<div class=\"elementor-icon-wrapper\">\n\t\t\t<div class=\"elementor-icon\">\n\t\t\t<svg aria-hidden=\"true\" class=\"e-font-icon-svg e-fas-print\" viewBox=\"0 0 512 512\" xmlns=\"http:\/\/www.w3.org\/2000\/svg\"><path d=\"M448 192V77.25c0-8.49-3.37-16.62-9.37-22.63L393.37 9.37c-6-6-14.14-9.37-22.63-9.37H96C78.33 0 64 14.33 64 32v160c-35.35 0-64 28.65-64 64v112c0 8.84 7.16 16 16 16h48v96c0 17.67 14.33 32 32 32h320c17.67 0 32-14.33 32-32v-96h48c8.84 0 16-7.16 16-16V256c0-35.35-28.65-64-64-64zm-64 256H128v-96h256v96zm0-224H128V64h192v48c0 8.84 7.16 16 16 16h48v96zm48 72c-13.25 0-24-10.75-24-24 0-13.26 10.75-24 24-24s24 10.74 24 24c0 13.25-10.75 24-24 24z\"><\/path><\/svg>\t\t\t<\/div>\n\t\t<\/div>\n\t\t\t\t\t\t<\/div>\n\t\t\t\t<\/div>\n\t\t\t\t<div class=\"elementor-element elementor-element-8bebc3c elementor-widget elementor-widget-text-editor\" data-id=\"8bebc3c\" data-element_type=\"widget\" data-widget_type=\"text-editor.default\">\n\t\t\t\t\t\t\t\t\t<p><strong>Highlights ASH \u2013 American Society of Hematology Annual Meeting<\/strong><\/p><p>Ao longo dos quatro dias de congresso, o Medscape realizou a cobertura de diversos trabalhos apresentados. No primeiro dia, foram destacados estudos na sess\u00e3o especial e de poster abstracts.<\/p><p>A sessa\u0303o especial<strong> \u201cDiretrizes de Pra\u0301tica Cli\u0301nica em Mielofibrose\u201d <\/strong>apresentou, de forma pr\u00e1tica, as principais recomenda\u00e7\u00f5es das novas diretrizes da ASH para mielofibrose (MF) pr\u00e9-fibr\u00f3tica, prim\u00e1ria e p\u00f3s-ET\/p\u00f3s-PV. Foi refor\u00e7ado o objetivo de padronizar diagn\u00f3stico e condutas, incluindo uso de inibidores de JAK, manejo da anemia, transplante e cuidados de suporte.<\/p><p>Na sess\u00e3o de poster abstracts,\u00a0 o estudo <strong>\u201cLong-term responders from the Phase 3 dreamm-7 study of belantamab mafodotin plus bortezomib and dexamethasone vs daratumumab plus bortezomib and dexamethasone in Relapsed\/Refractory multiple myeloma\u201d<\/strong> apresentou uma ana\u0301lise po\u0301s-hoc do estudo fase 3 DREAMM-7, conduzida para caracterizar pacientes com mieloma mu\u0301ltiplo RRMM que alcanc\u0327aram benefi\u0301cio cli\u0301nico sustentado com belantamabe mafodotina + bortezomibe + dexametasona (BVd), definidos como respondedores de longo prazo (RLPs; SLP \u226536 meses). Concluiu-se que RLPs tratados com BVd alcanc\u0327am respostas mais profundas, mais duradouras e com maior prolongamento de SLP em comparac\u0327a\u0303o ao DVd.<\/p><p>O segundo poster foi \u201c<strong>Dual transfusion independence and spleen volume reduction is associated with overall survival in patients with myelofibrosis treated with momelotinib: Post hoc analyses of SIMPLIFY-1 and MOMENTUM\u201d<\/strong>, que apresentou uma an\u00e1lise p\u00f3s-hoc dos estudos de fase 3 <strong>SIMPLIFY-1<\/strong> e <strong>MOMENTUM<\/strong>, com o objetivo de avaliar o impacto combinado da redu\u00e7\u00e3o do volume espl\u00eanico (RVE) e da independ\u00eancia transfusional (IT) \u2014 definida como <em>resposta dupla<\/em> \u2014 sobre a sobrevida global (SG) de pacientes com mielofibrose tratados com momelotinibe, com ou sem exposi\u00e7\u00e3o pr\u00e9via a inibidores de JAK (iJAK). Os resultados demonstraram que a presen\u00e7a de resposta dupla na semana 24 esteve associada a melhor SG.<\/p><p>J\u00e1 no <strong>segundo dia, <\/strong>foram destacados 4 estudos na sess\u00e3o de poster abstracts.<\/p><p>No poster<strong> \u201cPreliminary experience from the ODYSSEY trial: Efficacy and safety of momelotinib in combination with luspatercept in patients with transfusion- dependent myelofibrosis\u201d, <\/strong>O Dr. Prithviraj Bose apresentou a ana\u0301lise inicial do estudo de fase II <strong>ODYSSEY<\/strong>, que investiga a combinac\u0327a\u0303o de <strong>momelotinibe <\/strong>com <strong>luspatercepte <\/strong>em pacientes com mielofibrose e anemia dependente de transfusa\u0303o. Esses dados iniciais apontam que a combinac\u0327a\u0303o e\u0301 bem tolerada e ja\u0301 demonstra sinais precoces de benefi\u0301cio, tanto na anemia quanto na reduc\u0327a\u0303o esple\u0302nica.<\/p><p>Outro estudo apresentado nessa sess\u00e3o foi \u201c<strong>Belantamab mafodotin (belamaf) ocular events are manageable and reversible with dose modifications guided by standard assessments\u201d<\/strong>, que realizou uma ana\u0301lise detalhada sobre os eventos oculares associados ao belantamabe mafodotina (belamaf) nos estudos DREAMM-7 e DREAMM-8, destacando que esses eventos sa\u0303o maneja\u0301veis e reversi\u0301veis com ajustes de dose baseados em avaliac\u0327o\u0303es oftalmolo\u0301gicas padronizadas.<\/p><p>Tamb\u00e9m foi apresentado o estudo \u201c<strong>Life-years and quality-adjusted life-years with belantamab mafodotin, bortezomib, and dexamethasone vs alternative regimens in patients with Relapsed\/Refractory multiple myeloma who received \u22651 prior line of therapy\u201d,<\/strong> que comparou os anos de vida (LYs) e os anos de vida ajustados por qualidade (QALYs) associados ao regime belamaf + bortezomibe + dexametasona (BVD) em relac\u0327a\u0303o a diferentes esquemas utilizados no mieloma mu\u0301ltiplo recidivado\/refrata\u0301rio apo\u0301s pelo menos uma linha pre\u0301via de tratamento. Em s\u00edntese, o BVD demonstrou oferecer mais anos de vida e mais anos ajustados por qualidade do que todos os comparadores avaliados, impulsionado especialmente pela prolongac\u0327a\u0303o de SLP e SG e por melhorias na qualidade de vida.<\/p><p>Ainda nesse dia, o estudo \u201c<strong>Health-related quality of life with belantamab mafodotin in patients with relapsed or refractory multiple myeloma (RRMM): An exploratory analysis of overall quality of life in dreamm-7\u201d <\/strong>apresentou uma ana\u0301lise explorato\u0301ria sobre qualidade de vida relacionada a\u0300 sau\u0301de (HRQOL) em pacientes com mieloma mu\u0301ltiplo recidivado\/refrata\u0301rio tratados com belantamabe mafodotina (belamaf) no estudo DREAMM-7. A ana\u0301lise ofereceu uma visa\u0303o ampla da qualidade de vida no tratamento com BVD, demonstrando que os pacientes mante\u0302m sua func\u0327a\u0303o e bem-estar geral apesar dos efeitos oculares, enquanto usufruem de benefi\u0301cios cli\u0301nicos importantes.<\/p><p>No <strong>terceiro dia,<\/strong> foram cobertas tr\u00eas poster abstracts.<\/p><p>Na apresenta\u00e7\u00e3o do trabalho<strong> \u201cFunctional high-risk Relapsed\/Refractory multiple myeloma (RRMM) outcomes with belantamab mafodotin (belamaf): Dreamm-7 and dreamm-8 subgroup analysis\u201d, <\/strong>foi discutido uma ana\u0301lise dos desfechos das combinac\u0327o\u0303es baseadas em belantamabe mafodotina (belamaf) avaliadas nos estudos DREAMM-7 e DREAMM-8 em pacientes com mieloma mu\u0301ltiplo recidivado ou refrata\u0301rio que apresentavam doenc\u0327a funcional de alto risco, definida como progressa\u0303o dentro de 18 meses apo\u0301s a terapia inicial ou apo\u0301s o transplante. O trabalhou destacou que as combinac\u0327o\u0303es com belamaf demonstraram benefi\u0301cios robustos, incluindo SLP prolongada, respostas mais profundas e sustentadas e maiores taxas de MRD negativa, quando comparadas aos regimes padra\u0303o, mesmo entre pacientes com doenc\u0327a funcional de alto risco.<\/p><p>O segundo poster \u2013 \u201c<strong>Survival outcomes in ruxolitinib-treated patients with myelofibrosis following crossover to momelotinib: Application of the response to ruxolitinib at 6 months (RR6) prognostic model to SIMPLIFY-1\u201d<\/strong>, apresentou uma ana\u0301lise post-hoc do estudo SIMPLIFY-1 aplicando o escore progno\u0301stico RR6 para avaliar os desfechos de sobrevida em pacientes com mielofibrose que iniciaram tratamento com ruxolitinibe e, apo\u0301s seis meses, migraram para momelotinibe. Como conclusa\u0303o, foi recomendando considerar a troca de ruxolitinibe para momelotinibe apo\u0301s seis meses em pacientes RR6 intermedia\u0301rio ou alto, e destacou a necessidade de investigac\u0327a\u0303o adicional sobre os desfechos de sobrevida em pacientes de baixo risco e validac\u0327a\u0303o dos achados em coortes maiores.<\/p><p>E o \u00faltimo poster \u2013 \u201c<strong>Belantamab mafodotin (belamaf) in combination with bortezomib, lenalidomide, and dexamethasone (VRd) for patients (pts) with transplant-ineligible (TI) newly diagnosed multiple myeloma (NDMM): A focus on treatment efficacy and management\/resolution of ocular events in the Phase 1 dreamm-9 study\u201d,<\/strong> \u2013 apresentou os resultados do estudo de fase 1 DREAMM-9, que avaliou belantamabe mafodotina (belamaf) em combinac\u0327a\u0303o com bortezomibe, lenalidomida e dexametasona (BVRd) em pacientes com mieloma mu\u0301ltiplo rece\u0301m-diagnosticado e inelegi\u0301veis ao transplante.<\/p>\t\t\t\t\t\t\t\t<\/div>\n\t\t\t\t<\/div>\n\t\t\t\t<\/div>\n\t\t\t\t<\/div>\n\t\t","protected":false},"excerpt":{"rendered":"<p>Principais avan\u00e7os em hematologia: insights em Onco-Hemato para a tomada de decis\u00e3o cl\u00ednica. XX de novembro de 2025 Highlights ASH \u2013 American Society of Hematology Annual Meeting Ao longo dos quatro dias de congresso, o Medscape realizou a cobertura de diversos trabalhos apresentados. No primeiro dia, foram destacados estudos na sess\u00e3o especial e de poster [&hellip;]<\/p>\n","protected":false},"author":1,"featured_media":0,"parent":0,"menu_order":0,"comment_status":"closed","ping_status":"closed","template":"elementor_header_footer","meta":{"footnotes":""},"class_list":["post-211","page","type-page","status-publish","hentry"],"_links":{"self":[{"href":"https:\/\/noticiassash.medscapegrupo.com\/index.php\/wp-json\/wp\/v2\/pages\/211","targetHints":{"allow":["GET"]}}],"collection":[{"href":"https:\/\/noticiassash.medscapegrupo.com\/index.php\/wp-json\/wp\/v2\/pages"}],"about":[{"href":"https:\/\/noticiassash.medscapegrupo.com\/index.php\/wp-json\/wp\/v2\/types\/page"}],"author":[{"embeddable":true,"href":"https:\/\/noticiassash.medscapegrupo.com\/index.php\/wp-json\/wp\/v2\/users\/1"}],"replies":[{"embeddable":true,"href":"https:\/\/noticiassash.medscapegrupo.com\/index.php\/wp-json\/wp\/v2\/comments?post=211"}],"version-history":[{"count":13,"href":"https:\/\/noticiassash.medscapegrupo.com\/index.php\/wp-json\/wp\/v2\/pages\/211\/revisions"}],"predecessor-version":[{"id":341,"href":"https:\/\/noticiassash.medscapegrupo.com\/index.php\/wp-json\/wp\/v2\/pages\/211\/revisions\/341"}],"wp:attachment":[{"href":"https:\/\/noticiassash.medscapegrupo.com\/index.php\/wp-json\/wp\/v2\/media?parent=211"}],"curies":[{"name":"wp","href":"https:\/\/api.w.org\/{rel}","templated":true}]}}