{"id":49,"date":"2025-12-02T09:51:35","date_gmt":"2025-12-02T08:51:35","guid":{"rendered":"https:\/\/noticiassash.medscapegrupo.com\/?page_id=49"},"modified":"2025-12-11T09:46:47","modified_gmt":"2025-12-11T08:46:47","slug":"articulos","status":"publish","type":"page","link":"https:\/\/noticiassash.medscapegrupo.com\/index.php\/articulos\/","title":{"rendered":"Art\u00edculos"},"content":{"rendered":"\t\t<div data-elementor-type=\"wp-page\" data-elementor-id=\"49\" class=\"elementor elementor-49\" data-elementor-post-type=\"page\">\n\t\t\t\t<div class=\"elementor-element elementor-element-f984aa2 e-con-full e-flex e-con e-parent\" data-id=\"f984aa2\" data-element_type=\"container\">\n\t\t<div class=\"elementor-element elementor-element-b2b11c3 e-con-full e-flex e-con e-child\" data-id=\"b2b11c3\" data-element_type=\"container\">\n\t\t\t\t<div class=\"elementor-element elementor-element-527c351 elementor-widget elementor-widget-heading\" data-id=\"527c351\" data-element_type=\"widget\" data-widget_type=\"heading.default\">\n\t\t\t\t\t<h2 class=\"elementor-heading-title elementor-size-default\">Highlights Di\u00e1rios<\/h2>\t\t\t\t<\/div>\n\t\t\t\t<div class=\"elementor-element elementor-element-33977c7 elementor-widget elementor-widget-text-editor\" data-id=\"33977c7\" data-element_type=\"widget\" data-widget_type=\"text-editor.default\">\n\t\t\t\t\t\t\t\t\t<p>Acompanhe os resultados mais relevantes, os estudos emergentes e as tend\u00eancias que moldar\u00e3o a pr\u00e1tica cl\u00ednica.<\/p>\t\t\t\t\t\t\t\t<\/div>\n\t\t<div class=\"elementor-element elementor-element-4ba0966 e-con-full e-grid e-con e-child\" data-id=\"4ba0966\" data-element_type=\"container\">\n\t\t<div class=\"elementor-element elementor-element-99c6e9a e-con-full e-flex e-con e-child\" data-id=\"99c6e9a\" data-element_type=\"container\">\n\t\t\t\t<div class=\"elementor-element elementor-element-4469585 elementor-widget elementor-widget-image\" data-id=\"4469585\" data-element_type=\"widget\" data-widget_type=\"image.default\">\n\t\t\t\t\t\t\t\t\t\t\t\t\t\t\t<img fetchpriority=\"high\" decoding=\"async\" width=\"704\" height=\"372\" src=\"https:\/\/noticiassash.medscapegrupo.com\/wp-content\/uploads\/2025\/12\/Artigos.png\" class=\"attachment-large size-large wp-image-91\" alt=\"\" srcset=\"https:\/\/noticiassash.medscapegrupo.com\/wp-content\/uploads\/2025\/12\/Artigos.png 704w, https:\/\/noticiassash.medscapegrupo.com\/wp-content\/uploads\/2025\/12\/Artigos-300x159.png 300w\" sizes=\"(max-width: 704px) 100vw, 704px\" \/>\t\t\t\t\t\t\t\t\t\t\t\t\t\t\t<\/div>\n\t\t\t\t<div class=\"elementor-element elementor-element-cd0c6d3 elementor-widget elementor-widget-heading\" data-id=\"cd0c6d3\" data-element_type=\"widget\" data-widget_type=\"heading.default\">\n\t\t\t\t\t<h2 class=\"elementor-heading-title elementor-size-default\">Primeiro Dia<\/h2>\t\t\t\t<\/div>\n\t\t\t\t<div class=\"elementor-element elementor-element-8d9289e elementor-widget elementor-widget-text-editor\" data-id=\"8d9289e\" data-element_type=\"widget\" data-widget_type=\"text-editor.default\">\n\t\t\t\t\t\t\t\t\t<p>Acompanhe os principais destaques do primeiro dia, com an\u00e1lises aprofundadas, contexto cient\u00edfico atualizado e insights essenciais sobre as apresenta\u00e7\u00f5es inaugurais do evento.<\/p>\t\t\t\t\t\t\t\t<\/div>\n\t\t\t\t<div class=\"elementor-element elementor-element-d18b9f1 elementor-widget elementor-widget-button\" data-id=\"d18b9f1\" data-element_type=\"widget\" data-widget_type=\"button.default\">\n\t\t\t\t\t\t\t\t\t\t<a class=\"elementor-button elementor-button-link elementor-size-sm\" href=\"https:\/\/noticiassash.medscapegrupo.com\/index.php\/articulo-1\/\">\n\t\t\t\t\t\t<span class=\"elementor-button-content-wrapper\">\n\t\t\t\t\t\t\t\t\t<span class=\"elementor-button-text\">CONFIRA AQUI<\/span>\n\t\t\t\t\t<\/span>\n\t\t\t\t\t<\/a>\n\t\t\t\t\t\t\t\t<\/div>\n\t\t\t\t<\/div>\n\t\t<div class=\"elementor-element elementor-element-051e480 e-con-full e-flex e-con e-child\" data-id=\"051e480\" data-element_type=\"container\">\n\t\t\t\t<div class=\"elementor-element elementor-element-991bb49 elementor-widget elementor-widget-image\" data-id=\"991bb49\" data-element_type=\"widget\" data-widget_type=\"image.default\">\n\t\t\t\t\t\t\t\t\t\t\t\t\t\t\t<img decoding=\"async\" width=\"800\" height=\"577\" src=\"https:\/\/noticiassash.medscapegrupo.com\/wp-content\/uploads\/2025\/12\/articulo-dia2-1-1024x739.jpg\" class=\"attachment-large size-large wp-image-184\" alt=\"\" srcset=\"https:\/\/noticiassash.medscapegrupo.com\/wp-content\/uploads\/2025\/12\/articulo-dia2-1-1024x739.jpg 1024w, https:\/\/noticiassash.medscapegrupo.com\/wp-content\/uploads\/2025\/12\/articulo-dia2-1-300x217.jpg 300w, https:\/\/noticiassash.medscapegrupo.com\/wp-content\/uploads\/2025\/12\/articulo-dia2-1-768x554.jpg 768w, https:\/\/noticiassash.medscapegrupo.com\/wp-content\/uploads\/2025\/12\/articulo-dia2-1-1536x1109.jpg 1536w, https:\/\/noticiassash.medscapegrupo.com\/wp-content\/uploads\/2025\/12\/articulo-dia2-1-2048x1479.jpg 2048w\" sizes=\"(max-width: 800px) 100vw, 800px\" \/>\t\t\t\t\t\t\t\t\t\t\t\t\t\t\t<\/div>\n\t\t\t\t<div class=\"elementor-element elementor-element-9c6c736 elementor-widget elementor-widget-heading\" data-id=\"9c6c736\" data-element_type=\"widget\" data-widget_type=\"heading.default\">\n\t\t\t\t\t<h2 class=\"elementor-heading-title elementor-size-default\">Segundo Dia<\/h2>\t\t\t\t<\/div>\n\t\t\t\t<div class=\"elementor-element elementor-element-326e4f8 elementor-widget elementor-widget-text-editor\" data-id=\"326e4f8\" data-element_type=\"widget\" data-widget_type=\"text-editor.default\">\n\t\t\t\t\t\t\t\t\t<p>Explore as principais atualiza\u00e7\u00f5es cient\u00edficas do segundo dia, com an\u00e1lises claras sobre os dados apresentados e seus poss\u00edveis impactos na pr\u00e1tica m\u00e9dica.<\/p>\t\t\t\t\t\t\t\t<\/div>\n\t\t\t\t<div class=\"elementor-element elementor-element-ea293dc elementor-widget elementor-widget-button\" data-id=\"ea293dc\" data-element_type=\"widget\" data-widget_type=\"button.default\">\n\t\t\t\t\t\t\t\t\t\t<a class=\"elementor-button elementor-button-link elementor-size-sm\" href=\"https:\/\/noticiassash.medscapegrupo.com\/index.php\/articulo-2\/\">\n\t\t\t\t\t\t<span class=\"elementor-button-content-wrapper\">\n\t\t\t\t\t\t\t\t\t<span class=\"elementor-button-text\">CONFIRA AQUI<\/span>\n\t\t\t\t\t<\/span>\n\t\t\t\t\t<\/a>\n\t\t\t\t\t\t\t\t<\/div>\n\t\t\t\t<\/div>\n\t\t<div class=\"elementor-element elementor-element-1f894f4 e-con-full e-flex e-con e-child\" data-id=\"1f894f4\" data-element_type=\"container\">\n\t\t\t\t<div class=\"elementor-element elementor-element-a0eaaeb elementor-widget elementor-widget-image\" data-id=\"a0eaaeb\" data-element_type=\"widget\" data-widget_type=\"image.default\">\n\t\t\t\t\t\t\t\t\t\t\t\t\t\t\t<img decoding=\"async\" width=\"800\" height=\"500\" src=\"https:\/\/noticiassash.medscapegrupo.com\/wp-content\/uploads\/2025\/12\/articulo-dia3-1-1024x640.jpg\" class=\"attachment-large size-large wp-image-185\" alt=\"\" srcset=\"https:\/\/noticiassash.medscapegrupo.com\/wp-content\/uploads\/2025\/12\/articulo-dia3-1-1024x640.jpg 1024w, https:\/\/noticiassash.medscapegrupo.com\/wp-content\/uploads\/2025\/12\/articulo-dia3-1-300x188.jpg 300w, https:\/\/noticiassash.medscapegrupo.com\/wp-content\/uploads\/2025\/12\/articulo-dia3-1-768x480.jpg 768w, https:\/\/noticiassash.medscapegrupo.com\/wp-content\/uploads\/2025\/12\/articulo-dia3-1-1536x960.jpg 1536w, https:\/\/noticiassash.medscapegrupo.com\/wp-content\/uploads\/2025\/12\/articulo-dia3-1-2048x1280.jpg 2048w\" sizes=\"(max-width: 800px) 100vw, 800px\" \/>\t\t\t\t\t\t\t\t\t\t\t\t\t\t\t<\/div>\n\t\t\t\t<div class=\"elementor-element elementor-element-21e727a elementor-widget elementor-widget-heading\" data-id=\"21e727a\" data-element_type=\"widget\" data-widget_type=\"heading.default\">\n\t\t\t\t\t<h2 class=\"elementor-heading-title elementor-size-default\">Terceiro Dia<\/h2>\t\t\t\t<\/div>\n\t\t\t\t<div class=\"elementor-element elementor-element-68d1232 elementor-widget elementor-widget-text-editor\" data-id=\"68d1232\" data-element_type=\"widget\" data-widget_type=\"text-editor.default\">\n\t\t\t\t\t\t\t\t\t<p>Confira os estudos de maior relev\u00e2ncia divulgados no terceiro dia do congresso.<\/p>\t\t\t\t\t\t\t\t<\/div>\n\t\t\t\t<div class=\"elementor-element elementor-element-f375131 elementor-widget elementor-widget-button\" data-id=\"f375131\" data-element_type=\"widget\" data-widget_type=\"button.default\">\n\t\t\t\t\t\t\t\t\t\t<a class=\"elementor-button elementor-button-link elementor-size-sm\" href=\"https:\/\/noticiassash.medscapegrupo.com\/index.php\/articulo-3\/\">\n\t\t\t\t\t\t<span class=\"elementor-button-content-wrapper\">\n\t\t\t\t\t\t\t\t\t<span class=\"elementor-button-text\">CONFIRA AQUI<\/span>\n\t\t\t\t\t<\/span>\n\t\t\t\t\t<\/a>\n\t\t\t\t\t\t\t\t<\/div>\n\t\t\t\t<\/div>\n\t\t<div class=\"elementor-element elementor-element-9ca59ca e-con-full e-flex e-con e-child\" data-id=\"9ca59ca\" data-element_type=\"container\">\n\t\t\t\t<div class=\"elementor-element elementor-element-563dde1 elementor-widget elementor-widget-image\" data-id=\"563dde1\" data-element_type=\"widget\" data-widget_type=\"image.default\">\n\t\t\t\t\t\t\t\t\t\t\t\t\t\t\t<img loading=\"lazy\" decoding=\"async\" width=\"800\" height=\"355\" src=\"https:\/\/noticiassash.medscapegrupo.com\/wp-content\/uploads\/2025\/12\/articulo-dia4-1-1024x455.jpg\" class=\"attachment-large size-large wp-image-183\" alt=\"\" srcset=\"https:\/\/noticiassash.medscapegrupo.com\/wp-content\/uploads\/2025\/12\/articulo-dia4-1-1024x455.jpg 1024w, https:\/\/noticiassash.medscapegrupo.com\/wp-content\/uploads\/2025\/12\/articulo-dia4-1-300x133.jpg 300w, https:\/\/noticiassash.medscapegrupo.com\/wp-content\/uploads\/2025\/12\/articulo-dia4-1-768x341.jpg 768w, https:\/\/noticiassash.medscapegrupo.com\/wp-content\/uploads\/2025\/12\/articulo-dia4-1-1536x683.jpg 1536w, https:\/\/noticiassash.medscapegrupo.com\/wp-content\/uploads\/2025\/12\/articulo-dia4-1-2048x910.jpg 2048w\" sizes=\"(max-width: 800px) 100vw, 800px\" \/>\t\t\t\t\t\t\t\t\t\t\t\t\t\t\t<\/div>\n\t\t\t\t<div class=\"elementor-element elementor-element-2f8dd8d elementor-widget elementor-widget-heading\" data-id=\"2f8dd8d\" data-element_type=\"widget\" data-widget_type=\"heading.default\">\n\t\t\t\t\t<h2 class=\"elementor-heading-title elementor-size-default\">Quarto Dia<\/h2>\t\t\t\t<\/div>\n\t\t\t\t<div class=\"elementor-element elementor-element-d303e34 elementor-widget elementor-widget-text-editor\" data-id=\"d303e34\" data-element_type=\"widget\" data-widget_type=\"text-editor.default\">\n\t\t\t\t\t\t\t\t\t<p>Veja o resumo final das discuss\u00f5es e descobertas do congresso, incluindo mensagens essenciais, tend\u00eancias emergentes e perspectivas para a pesquisa futura.<\/p>\t\t\t\t\t\t\t\t<\/div>\n\t\t\t\t<div class=\"elementor-element elementor-element-bb53c1b elementor-widget elementor-widget-button\" data-id=\"bb53c1b\" data-element_type=\"widget\" data-widget_type=\"button.default\">\n\t\t\t\t\t\t\t\t\t\t<a class=\"elementor-button elementor-button-link elementor-size-sm\" href=\"https:\/\/noticiassash.medscapegrupo.com\/index.php\/articulo-4\/\">\n\t\t\t\t\t\t<span class=\"elementor-button-content-wrapper\">\n\t\t\t\t\t\t\t\t\t<span class=\"elementor-button-text\">CONFIRA AQUI<\/span>\n\t\t\t\t\t<\/span>\n\t\t\t\t\t<\/a>\n\t\t\t\t\t\t\t\t<\/div>\n\t\t\t\t<\/div>\n\t\t\t\t<\/div>\n\t\t\t\t<\/div>\n\t\t\t\t<\/div>\n\t\t\t\t<\/div>\n\t\t","protected":false},"excerpt":{"rendered":"<p>Highlights Di\u00e1rios Acompanhe os resultados mais relevantes, os estudos emergentes e as tend\u00eancias que moldar\u00e3o a pr\u00e1tica cl\u00ednica. Primeiro Dia Acompanhe os principais destaques do primeiro dia, com an\u00e1lises aprofundadas, contexto cient\u00edfico atualizado e insights essenciais sobre as apresenta\u00e7\u00f5es inaugurais do evento. CONFIRA AQUI Segundo Dia Explore as principais atualiza\u00e7\u00f5es cient\u00edficas do segundo dia, com [&hellip;]<\/p>\n","protected":false},"author":1,"featured_media":0,"parent":0,"menu_order":0,"comment_status":"closed","ping_status":"closed","template":"elementor_header_footer","meta":{"footnotes":""},"class_list":["post-49","page","type-page","status-publish","hentry"],"_links":{"self":[{"href":"https:\/\/noticiassash.medscapegrupo.com\/index.php\/wp-json\/wp\/v2\/pages\/49","targetHints":{"allow":["GET"]}}],"collection":[{"href":"https:\/\/noticiassash.medscapegrupo.com\/index.php\/wp-json\/wp\/v2\/pages"}],"about":[{"href":"https:\/\/noticiassash.medscapegrupo.com\/index.php\/wp-json\/wp\/v2\/types\/page"}],"author":[{"embeddable":true,"href":"https:\/\/noticiassash.medscapegrupo.com\/index.php\/wp-json\/wp\/v2\/users\/1"}],"replies":[{"embeddable":true,"href":"https:\/\/noticiassash.medscapegrupo.com\/index.php\/wp-json\/wp\/v2\/comments?post=49"}],"version-history":[{"count":47,"href":"https:\/\/noticiassash.medscapegrupo.com\/index.php\/wp-json\/wp\/v2\/pages\/49\/revisions"}],"predecessor-version":[{"id":307,"href":"https:\/\/noticiassash.medscapegrupo.com\/index.php\/wp-json\/wp\/v2\/pages\/49\/revisions\/307"}],"wp:attachment":[{"href":"https:\/\/noticiassash.medscapegrupo.com\/index.php\/wp-json\/wp\/v2\/media?parent=49"}],"curies":[{"name":"wp","href":"https:\/\/api.w.org\/{rel}","templated":true}]}}